{"id":6210,"date":"2020-08-31T13:18:49","date_gmt":"2020-08-31T13:18:49","guid":{"rendered":"http:\/\/www.merkezdistic.com\/?page_id=6210"},"modified":"2020-08-31T13:18:49","modified_gmt":"2020-08-31T13:18:49","slug":"hesap-no","status":"publish","type":"page","link":"https:\/\/www.merkezdistic.com\/index.php\/hesap-no\/","title":{"rendered":"Hesap No"},"content":{"rendered":"\n<figure class=\"wp-block-image\"><a href=\"http:\/\/web.archive.org\/web\/20181115194459\/http:\/\/merkezdisticaret.hesapno.com\/\"><img src=\"http:\/\/web.archive.org\/web\/20181115194459im_\/http:\/\/hesapno.com\/logo\/uploads\/merkezdisticaret.jpg\" alt=\"Logo\" title=\"#merkezdisticaret Hesap Numaralar\u0131\"\/><\/a><\/figure>\n\n\n\n<ul><li>\u00a0Merkez Di\u015f Ticaret<\/li><li>\u00a0+90 216 414 64 50<\/li><li>\u00a0E\u011fitim Mah. 1. A\u00e7\u0131k G\u00f6z Sok. Ensar \u0130\u015f Merkezi No:24 K:2 D:6<\/li><li><a rel=\"noreferrer noopener\" target=\"_blank\" href=\"http:\/\/web.archive.org\/web\/20181115194459\/http:\/\/www.merkezdistic.com\/\">www.merkezdistic.com<\/a><\/li><\/ul>\n\n\n\n<p style=\"font-size:33px\"><strong>Banka Hesaplar\u0131<\/strong><\/p>\n\n\n\n<h4><a href=\"http:\/\/web.archive.org\/web\/20181115194459\/http:\/\/merkezdisticaret.hesapno.com\/#26425\">AKBANK<\/a><\/h4>\n\n\n\n<ul><li><strong>Al\u0131c\u0131:&nbsp;<\/strong>Merkez Di\u015f Ticaret<\/li><li><strong>\u015eube Ad\u0131:&nbsp;<\/strong>Hasanpa\u015fa<\/li><li><strong>\u015eube Kodu:&nbsp;<\/strong>235<\/li><li><strong>Hesap No:&nbsp;<\/strong>0018288<\/li><li>TR85 0004 6002 3588 8000 0182 88&nbsp;<strong>\u2714<\/strong><\/li><\/ul>\n\n\n\n<hr class=\"wp-block-separator\"\/>\n\n\n\n<h4><a href=\"http:\/\/web.archive.org\/web\/20181115194459\/http:\/\/merkezdisticaret.hesapno.com\/#26426\">GARANT\u0130 BANKASI<\/a><\/h4>\n\n\n\n<ul><li><strong>Al\u0131c\u0131:&nbsp;<\/strong>Merkez Di\u015f Ticaret<\/li><li><strong>\u015eube Ad\u0131:&nbsp;<\/strong>Kad\u0131k\u00f6y<\/li><li><strong>\u015eube Kodu:&nbsp;<\/strong>88<\/li><li><strong>Hesap No:&nbsp;<\/strong>6299222<\/li><li>TR51 0006 2000 0880 0006 2992 22&nbsp;<strong>\u2714<\/strong><\/li><\/ul>\n\n\n\n<hr class=\"wp-block-separator\"\/>\n\n\n\n<h4><a href=\"http:\/\/web.archive.org\/web\/20181115194459\/http:\/\/merkezdisticaret.hesapno.com\/#26427\">\u0130\u015e BANKASI<\/a><\/h4>\n\n\n\n<ul><li><strong>Al\u0131c\u0131:&nbsp;<\/strong>Merkez Di\u015f Ticaret<\/li><li><strong>\u015eube Ad\u0131:&nbsp;<\/strong>Hasanpa\u015fa<\/li><li><strong>\u015eube Kodu:&nbsp;<\/strong>1166<\/li><li><strong>Hesap No:&nbsp;<\/strong>179669<\/li><li>TR85 0006 4000 0011 1660 1796 69&nbsp;<strong>\u2714<\/strong><\/li><\/ul>\n\n\n\n<p><\/p>\n","protected":false},"excerpt":{"rendered":"<p>\u00a0Merkez Di\u015f Ticaret \u00a0+90 216 414 64 50 \u00a0E\u011fitim Mah. 1. A\u00e7\u0131k G\u00f6z Sok. Ensar \u0130\u015f Merkezi No:24 K:2 D:6 www.merkezdistic.com Banka Hesaplar\u0131 AKBANK Al\u0131c\u0131:&nbsp;Merkez Di\u015f Ticaret \u015eube Ad\u0131:&nbsp;Hasanpa\u015fa \u015eube&#8230;<\/p>\n","protected":false},"author":1,"featured_media":0,"parent":0,"menu_order":0,"comment_status":"closed","ping_status":"closed","template":"","meta":[],"_links":{"self":[{"href":"https:\/\/www.merkezdistic.com\/index.php\/wp-json\/wp\/v2\/pages\/6210"}],"collection":[{"href":"https:\/\/www.merkezdistic.com\/index.php\/wp-json\/wp\/v2\/pages"}],"about":[{"href":"https:\/\/www.merkezdistic.com\/index.php\/wp-json\/wp\/v2\/types\/page"}],"author":[{"embeddable":true,"href":"https:\/\/www.merkezdistic.com\/index.php\/wp-json\/wp\/v2\/users\/1"}],"replies":[{"embeddable":true,"href":"https:\/\/www.merkezdistic.com\/index.php\/wp-json\/wp\/v2\/comments?post=6210"}],"version-history":[{"count":1,"href":"https:\/\/www.merkezdistic.com\/index.php\/wp-json\/wp\/v2\/pages\/6210\/revisions"}],"predecessor-version":[{"id":6212,"href":"https:\/\/www.merkezdistic.com\/index.php\/wp-json\/wp\/v2\/pages\/6210\/revisions\/6212"}],"wp:attachment":[{"href":"https:\/\/www.merkezdistic.com\/index.php\/wp-json\/wp\/v2\/media?parent=6210"}],"curies":[{"name":"wp","href":"https:\/\/api.w.org\/{rel}","templated":true}]}}