{"id":6199,"date":"2020-08-31T13:01:09","date_gmt":"2020-08-31T13:01:09","guid":{"rendered":"http:\/\/www.merkezdistic.com\/?page_id=6199"},"modified":"2022-06-30T12:42:39","modified_gmt":"2022-06-30T12:42:39","slug":"misir-gluten","status":"publish","type":"page","link":"https:\/\/www.merkezdistic.com\/index.php\/misir-gluten\/","title":{"rendered":"MISIR GL\u00dcTEN\u0130"},"content":{"rendered":"\n<p style=\"font-size:39px\"><strong>MISIR GL\u00dcTEN<\/strong>\u0130<\/p>\n\n\n\n<p>M\u0131s\u0131r gl\u00fcteni, tane m\u0131s\u0131r\u0131n ya\u015f i\u015flenmesi sonucu elde edilen bir \u00fcr\u00fcn olup; ruminant hayvanlar i\u00e7in y\u00fcksek d\u00fczeyde protein i\u00e7eren bir yem hammaddesidir. Bunun yan\u0131 s\u0131ra y\u00fcksek derecede mide koruyucu protein i\u00e7erir. Bu nedenle, m\u0131s\u0131r gl\u00fcteni y\u00fcksek verimli s\u00fct s\u0131\u011f\u0131rlar\u0131n\u0131n rasyonlar\u0131nda ve besi s\u0131\u011f\u0131r\u0131 rasyonlar\u0131nda olduk\u00e7a iyi de\u011ferlendirilmektedir.<\/p>\n","protected":false},"excerpt":{"rendered":"<p>MISIR GL\u00dcTEN\u0130 M\u0131s\u0131r gl\u00fcteni, tane m\u0131s\u0131r\u0131n ya\u015f i\u015flenmesi sonucu elde edilen bir \u00fcr\u00fcn olup; ruminant hayvanlar i\u00e7in y\u00fcksek d\u00fczeyde protein i\u00e7eren bir yem hammaddesidir. Bunun yan\u0131 s\u0131ra y\u00fcksek derecede mide&#8230;<\/p>\n","protected":false},"author":1,"featured_media":0,"parent":0,"menu_order":0,"comment_status":"closed","ping_status":"closed","template":"","meta":[],"_links":{"self":[{"href":"https:\/\/www.merkezdistic.com\/index.php\/wp-json\/wp\/v2\/pages\/6199"}],"collection":[{"href":"https:\/\/www.merkezdistic.com\/index.php\/wp-json\/wp\/v2\/pages"}],"about":[{"href":"https:\/\/www.merkezdistic.com\/index.php\/wp-json\/wp\/v2\/types\/page"}],"author":[{"embeddable":true,"href":"https:\/\/www.merkezdistic.com\/index.php\/wp-json\/wp\/v2\/users\/1"}],"replies":[{"embeddable":true,"href":"https:\/\/www.merkezdistic.com\/index.php\/wp-json\/wp\/v2\/comments?post=6199"}],"version-history":[{"count":2,"href":"https:\/\/www.merkezdistic.com\/index.php\/wp-json\/wp\/v2\/pages\/6199\/revisions"}],"predecessor-version":[{"id":6592,"href":"https:\/\/www.merkezdistic.com\/index.php\/wp-json\/wp\/v2\/pages\/6199\/revisions\/6592"}],"wp:attachment":[{"href":"https:\/\/www.merkezdistic.com\/index.php\/wp-json\/wp\/v2\/media?parent=6199"}],"curies":[{"name":"wp","href":"https:\/\/api.w.org\/{rel}","templated":true}]}}