{"id":6184,"date":"2020-08-31T12:54:46","date_gmt":"2020-08-31T12:54:46","guid":{"rendered":"http:\/\/www.merkezdistic.com\/?page_id=6184"},"modified":"2020-08-31T23:27:24","modified_gmt":"2020-08-31T23:27:24","slug":"sodyum-asit-pirofosfat-sapp","status":"publish","type":"page","link":"https:\/\/www.merkezdistic.com\/index.php\/gida-ve-katki-maddeleri\/sodyum-asit-pirofosfat-sapp\/","title":{"rendered":"Sodyum Asit Pirofosfat (SAPP)"},"content":{"rendered":"\n<h1 style=\"font-size:39px\">SODYUM AS\u0130T P\u0130ROFOSFAT (SAPP)<\/h1>\n\n\n\n<ul><li>Molek\u00fcl form\u00fcl&nbsp;&nbsp;&nbsp;&nbsp;&nbsp;&nbsp;&nbsp;&nbsp; : Na2H2P2O7<\/li><li>Molek\u00fcler a\u011f\u0131rl\u0131k&nbsp;&nbsp;&nbsp;&nbsp;&nbsp; : 221.94<\/li><li>Cas Numaras\u0131&nbsp;&nbsp;&nbsp;&nbsp;&nbsp;&nbsp;&nbsp;&nbsp;&nbsp;&nbsp; : 7758-16-9&nbsp;<\/li><\/ul>\n\n\n\n<p><strong>BU \u00dcR\u00dcN A\u015eA\u011eIDAK\u0130 UYGULAMALARDA KULLANILAB\u0130L\u0130R:<\/strong><\/p>\n\n\n\n<ul><li>Kabartma tozu terkip eden olarak<\/li><li>Pi\u015firme sonras\u0131 kararmay\u0131 \u00f6nlemek i\u00e7in a\u011fartma \u00e7\u00f6z\u00fcm\u00fc terkip eden olarak<\/li><li>Et i\u015flemlerinde fosfat kar\u0131\u015f\u0131mlar\u0131n\u0131 terkip eden olarak<\/li><li>Peynir em\u00fclsiyon tuzlar\u0131 terkip eden olarak<\/li><li>G\u0131da katk\u0131 maddelerinde genel bir tampon ve asitle\u015ftirme etmeni olarak<\/li><li>Petrol kuyusu sondaj \u00e7amurunda eritici olarak<\/li><li>Demir lekelerini \u00e7\u0131karmak i\u00e7in deri i\u015flemede<\/li><li>Hidrojen peroksit sol\u00fcsyonlar\u0131n stabilizasyonunda<\/li><li>Belirli s\u00fct \u00fcr\u00fcnlerinde S\u00fclfamik asit ile ba\u011flant\u0131l\u0131 temizleme etmeni olarak<\/li><li>Deniz \u00fcr\u00fcnlerini koruyucu madde<\/li><\/ul>\n\n\n    <div class=\"pdf-emberd-area\" style=\"display: block; overflow: hidden; min-height: 90px;\">\n        \t<div id=\"buttons\" style=\"margin-bottom:10px;\">\r\n\t\r\n\r\n\t\r\n\t\t<a href=\"https:\/\/www.merkezdistic.com\/wp-content\/plugins\/pdf-poster\/pdfjs\/web\/viewer.php?file=http:\/\/www.merkezdistic.com\/wp-content\/uploads\/2020\/08\/SAPP.pdf&#038;download=true&#038;print=false&#038;openfile=false\"><button>View Fullscreen<\/button><\/a><br \/><iframe width=\"100%\" height=\"1122\" src=\"https:\/\/www.merkezdistic.com\/wp-content\/plugins\/pdf-poster\/pdfjs\/web\/viewer.php?file=http:\/\/www.merkezdistic.com\/wp-content\/uploads\/2020\/08\/SAPP.pdf&#038;download=true&#038;print=false&#038;openfile=false\"><\/iframe>\r\n\r\n\t<\/div>\r\n\r\n    <\/div>\n\n<style>\n\n\n.pdf-emberd-area{\n    padding: 10px;\n}\n\n.wp-admin .doc-emberd-area:after {content: \"\";position: absolute;top: 0;left: 0;font-size: 12px;cursor: pointer;width: 100%; height: 100%;}\n<\/style>\n\n    ","protected":false},"excerpt":{"rendered":"<p>SODYUM AS\u0130T P\u0130ROFOSFAT (SAPP) Molek\u00fcl form\u00fcl&nbsp;&nbsp;&nbsp;&nbsp;&nbsp;&nbsp;&nbsp;&nbsp; : Na2H2P2O7 Molek\u00fcler a\u011f\u0131rl\u0131k&nbsp;&nbsp;&nbsp;&nbsp;&nbsp; : 221.94 Cas Numaras\u0131&nbsp;&nbsp;&nbsp;&nbsp;&nbsp;&nbsp;&nbsp;&nbsp;&nbsp;&nbsp; : 7758-16-9&nbsp; BU \u00dcR\u00dcN A\u015eA\u011eIDAK\u0130 UYGULAMALARDA KULLANILAB\u0130L\u0130R: Kabartma tozu terkip eden olarak Pi\u015firme sonras\u0131 kararmay\u0131 \u00f6nlemek&#8230;<\/p>\n","protected":false},"author":1,"featured_media":0,"parent":6030,"menu_order":0,"comment_status":"closed","ping_status":"closed","template":"","meta":[],"_links":{"self":[{"href":"https:\/\/www.merkezdistic.com\/index.php\/wp-json\/wp\/v2\/pages\/6184"}],"collection":[{"href":"https:\/\/www.merkezdistic.com\/index.php\/wp-json\/wp\/v2\/pages"}],"about":[{"href":"https:\/\/www.merkezdistic.com\/index.php\/wp-json\/wp\/v2\/types\/page"}],"author":[{"embeddable":true,"href":"https:\/\/www.merkezdistic.com\/index.php\/wp-json\/wp\/v2\/users\/1"}],"replies":[{"embeddable":true,"href":"https:\/\/www.merkezdistic.com\/index.php\/wp-json\/wp\/v2\/comments?post=6184"}],"version-history":[{"count":4,"href":"https:\/\/www.merkezdistic.com\/index.php\/wp-json\/wp\/v2\/pages\/6184\/revisions"}],"predecessor-version":[{"id":6586,"href":"https:\/\/www.merkezdistic.com\/index.php\/wp-json\/wp\/v2\/pages\/6184\/revisions\/6586"}],"up":[{"embeddable":true,"href":"https:\/\/www.merkezdistic.com\/index.php\/wp-json\/wp\/v2\/pages\/6030"}],"wp:attachment":[{"href":"https:\/\/www.merkezdistic.com\/index.php\/wp-json\/wp\/v2\/media?parent=6184"}],"curies":[{"name":"wp","href":"https:\/\/api.w.org\/{rel}","templated":true}]}}