{"id":6148,"date":"2020-08-31T11:45:34","date_gmt":"2020-08-31T11:45:34","guid":{"rendered":"http:\/\/www.merkezdistic.com\/?page_id=6148"},"modified":"2022-06-30T07:01:39","modified_gmt":"2022-06-30T07:01:39","slug":"niskoz-bond-modifiye-nisasta","status":"publish","type":"page","link":"https:\/\/www.merkezdistic.com\/index.php\/nisastalar\/niskoz-bond-modifiye-nisasta\/","title":{"rendered":"Modifiye Ni\u015fasta (Bond)"},"content":{"rendered":"\n<div class=\"wp-block-media-text alignwide has-media-on-the-right is-stacked-on-mobile is-vertically-aligned-top\" style=\"grid-template-columns:auto 47%\"><figure class=\"wp-block-media-text__media\"><img width=\"635\" height=\"969\" src=\"http:\/\/www.merkezdistic.com\/wp-content\/uploads\/2020\/08\/makale-resim-1.png\" alt=\"\" class=\"wp-image-6235 size-full\" srcset=\"https:\/\/www.merkezdistic.com\/wp-content\/uploads\/2020\/08\/makale-resim-1.png 635w, https:\/\/www.merkezdistic.com\/wp-content\/uploads\/2020\/08\/makale-resim-1-197x300.png 197w\" sizes=\"(max-width: 635px) 100vw, 635px\" \/><\/figure><div class=\"wp-block-media-text__content\">\n<h2 id=\"niskoz-bond-modifiye-nisasta\" style=\"font-size:30px\"><strong>Modifiye Ni\u015fasta (Bond)<\/strong><\/h2>\n\n\n\n<p>  <\/p>\n\n\n\n<p><\/p>\n\n\n\n<p>Ni\u015fkoz Bond, \u00e7apraz ba\u011fl\u0131, modifiye bir ni\u015fastad\u0131r. Oluklu mukavva end\u00fcstrisinde yap\u0131\u015ft\u0131r\u0131c\u0131 olarak kullan\u0131l\u0131r. S\u0131cakl\u0131k de\u011fi\u015fimlerine kar\u015f\u0131 viskozite stabilitesi olan, retrogradasyona dayan\u0131kl\u0131 bir \u00fcr\u00fcnd\u00fcr. D\u00fc\u015f\u00fck kuru madde oranlar\u0131 ile haz\u0131rlanmaya elveri\u015flidir. Y\u00fcksek h\u0131zl\u0131 (150-200m\/sn) makinelere sahip seri\/yo\u011fun \u00fcretim yapan fabrikalar i\u00e7in cazip bir \u00e7\u00f6z\u00fcmd\u00fcr.<\/p>\n\n\n\n<ul><li>\u00dcretimin en y\u00fcksek h\u0131zlarda tutulmas\u0131na imkan sa\u011flar.<\/li><li>Ekonomik ve \u00f6zelle\u015ftirilmi\u015f form\u00fclasyonlara olanak tan\u0131r.<\/li><li>Oluk yap\u0131\u015ft\u0131rma safhas\u0131nda g\u00fc\u00e7l\u00fc bir \u00e7\u00f6z\u00fcmd\u00fcr.<\/li><li>Viskozite kararl\u0131l\u0131\u011f\u0131 y\u00fcksektir.<\/li><li>Su temas\u0131na kar\u015f\u0131 m\u00fckemmel diren\u00e7 sa\u011flar.<\/li><\/ul>\n\n\n\n<p><\/p>\n\n\n\n<h2 class=\"has-medium-font-size\" id=\"fiziksel-ozellikler\"><strong>Fiziksel \u00d6zellikler<\/strong><\/h2>\n\n\n\n<ul><li><strong>G\u00f6r\u00fcn\u00fcm:<\/strong> Toz halinde, beyaz renkte ve homojen yap\u0131da<br><\/li><\/ul>\n\n\n\n<figure class=\"wp-block-table\"><table><tbody><tr><td><strong>Analitik Veriler<\/strong><\/td><td><strong>Birim<\/strong><\/td><td><strong>De\u011fer<\/strong><\/td><\/tr><tr><td>Nem<\/td><td>%<\/td><td>&lt; 13,0<\/td><\/tr><tr><td>pH<\/td><td>&nbsp;<\/td><td>6,0 &#8211; 8,0<\/td><\/tr><tr><td>Stein Hall Viskozite<\/td><td>ps<\/td><td>55 &#8211; 80 m\u00b2*<\/td><\/tr><tr><td>Jelle\u015fme Noktas\u0131:<\/td><td>C\u00b0<\/td><td>54 &#8211; 56*<\/td><\/tr><\/tbody><\/table><\/figure>\n\n\n\n<p>*Makine h\u0131z\u0131na g\u00f6re de\u011fi\u015febilir<\/p>\n\n\n\n<p><\/p>\n<\/div><\/div>\n\n\n\n<h2 class=\"has-medium-font-size\" id=\"onemli-notlar\"><strong>\u00d6nemli Notlar<\/strong><\/h2>\n\n\n\n<ul><li><strong>Depolama:<\/strong>&nbsp;Kimyasallardan ve kokulu maddelerden uzak, direkt zemine temas etmeyen serin ve kuru bir ortamda<\/li><li><strong>Raf \u00d6mr\u00fc:<\/strong>&nbsp;\u00dcretim tarihinden itibaren 24 ay.<\/li><li><strong>Ambalaj:<\/strong>&nbsp;D\u00f6kme, 25 kg. l\u0131k kraft torba<\/li><li><strong>\u00dcr\u00fcn Kodlama Sistemi:<\/strong> \u00dcr\u00fcn kodu d\u00f6rt rakamdan olu\u015fur. \u00dcr\u00fcn kodunun ba\u015f\u0131na, D\u00f6kme \u00fcr\u00fcnlerde \u201c0\u201d, 25 kg. torbalarda \u201c6\u201d ve b\u00fcy\u00fck \u00e7uvallarda \u201c3\u201d getirilir.<\/li><li><strong>Tehlike Tan\u0131mlamalar\u0131:<\/strong>&nbsp;Ni\u015fasta tozunun alevlenme ve patlama riski vard\u0131r. Tozumay\u0131 engellemek \u00fczere ortam\u0131n yeterli derecede havaland\u0131rmas\u0131 gerekir. Yang\u0131n durumunda su uygun ve yeterli bir s\u00f6nd\u00fcr\u00fcc\u00fcd\u00fcr.<\/li><\/ul>\n","protected":false},"excerpt":{"rendered":"<p>Modifiye Ni\u015fasta (Bond) Ni\u015fkoz Bond, \u00e7apraz ba\u011fl\u0131, modifiye bir ni\u015fastad\u0131r. Oluklu mukavva end\u00fcstrisinde yap\u0131\u015ft\u0131r\u0131c\u0131 olarak kullan\u0131l\u0131r. S\u0131cakl\u0131k de\u011fi\u015fimlerine kar\u015f\u0131 viskozite stabilitesi olan, retrogradasyona dayan\u0131kl\u0131 bir \u00fcr\u00fcnd\u00fcr. D\u00fc\u015f\u00fck kuru madde oranlar\u0131&#8230;<\/p>\n","protected":false},"author":1,"featured_media":0,"parent":6028,"menu_order":0,"comment_status":"closed","ping_status":"closed","template":"","meta":[],"_links":{"self":[{"href":"https:\/\/www.merkezdistic.com\/index.php\/wp-json\/wp\/v2\/pages\/6148"}],"collection":[{"href":"https:\/\/www.merkezdistic.com\/index.php\/wp-json\/wp\/v2\/pages"}],"about":[{"href":"https:\/\/www.merkezdistic.com\/index.php\/wp-json\/wp\/v2\/types\/page"}],"author":[{"embeddable":true,"href":"https:\/\/www.merkezdistic.com\/index.php\/wp-json\/wp\/v2\/users\/1"}],"replies":[{"embeddable":true,"href":"https:\/\/www.merkezdistic.com\/index.php\/wp-json\/wp\/v2\/comments?post=6148"}],"version-history":[{"count":18,"href":"https:\/\/www.merkezdistic.com\/index.php\/wp-json\/wp\/v2\/pages\/6148\/revisions"}],"predecessor-version":[{"id":6572,"href":"https:\/\/www.merkezdistic.com\/index.php\/wp-json\/wp\/v2\/pages\/6148\/revisions\/6572"}],"up":[{"embeddable":true,"href":"https:\/\/www.merkezdistic.com\/index.php\/wp-json\/wp\/v2\/pages\/6028"}],"wp:attachment":[{"href":"https:\/\/www.merkezdistic.com\/index.php\/wp-json\/wp\/v2\/media?parent=6148"}],"curies":[{"name":"wp","href":"https:\/\/api.w.org\/{rel}","templated":true}]}}