{"id":6115,"date":"2020-08-31T08:33:27","date_gmt":"2020-08-31T08:33:27","guid":{"rendered":"http:\/\/www.merkezdistic.com\/?page_id=6115"},"modified":"2020-09-01T01:21:37","modified_gmt":"2020-09-01T01:21:37","slug":"iletisim","status":"publish","type":"page","link":"https:\/\/www.merkezdistic.com\/index.php\/iletisim\/","title":{"rendered":"\u0130leti\u015fim"},"content":{"rendered":"\n<ul><li>E\u011fitim Mah. 1. A\u00e7\u0131k G\u00f6z Sok. Ensar \u0130\u015f Merkezi No:24 K:2 D:6<\/li><li>HASANPA\u015eA<\/li><li>KADIK\u00d6Y<\/li><li>TURKEY<\/li><\/ul>\n\n\n\n<h3>\u0130leti\u015fim<\/h3>\n\n\n\n<ul><li><a href=\"mailto:info@merkezdistic.com\">info@merkezdistic.com<\/a><\/li><li><img src=\"http:\/\/web.archive.org\/web\/20191221052712im_\/http:\/\/www.merkezdistic.com\/media\/contacts\/images\/con_tel.png\" alt=\"Telefon: \">&nbsp;+90 216 414 64 50<\/li><li><img src=\"http:\/\/web.archive.org\/web\/20191221052712im_\/http:\/\/www.merkezdistic.com\/media\/contacts\/images\/con_fax.png\" alt=\"Faks: \">&nbsp;+90 216 414 68 95<\/li><li><img src=\"http:\/\/web.archive.org\/web\/20191221052712im_\/http:\/\/www.merkezdistic.com\/media\/contacts\/images\/con_mobile.png\" alt=\"Cep Telefonu: \">&nbsp;+90 532 313 76 03<\/li><\/ul>\n","protected":false},"excerpt":{"rendered":"<p>E\u011fitim Mah. 1. A\u00e7\u0131k G\u00f6z Sok. Ensar \u0130\u015f Merkezi No:24 K:2 D:6 HASANPA\u015eA KADIK\u00d6Y TURKEY \u0130leti\u015fim info@merkezdistic.com &nbsp;+90 216 414 64 50 &nbsp;+90 216 414 68 95 &nbsp;+90 532 313&#8230;<\/p>\n","protected":false},"author":1,"featured_media":0,"parent":0,"menu_order":0,"comment_status":"closed","ping_status":"closed","template":"template-contact.php","meta":[],"_links":{"self":[{"href":"https:\/\/www.merkezdistic.com\/index.php\/wp-json\/wp\/v2\/pages\/6115"}],"collection":[{"href":"https:\/\/www.merkezdistic.com\/index.php\/wp-json\/wp\/v2\/pages"}],"about":[{"href":"https:\/\/www.merkezdistic.com\/index.php\/wp-json\/wp\/v2\/types\/page"}],"author":[{"embeddable":true,"href":"https:\/\/www.merkezdistic.com\/index.php\/wp-json\/wp\/v2\/users\/1"}],"replies":[{"embeddable":true,"href":"https:\/\/www.merkezdistic.com\/index.php\/wp-json\/wp\/v2\/comments?post=6115"}],"version-history":[{"count":2,"href":"https:\/\/www.merkezdistic.com\/index.php\/wp-json\/wp\/v2\/pages\/6115\/revisions"}],"predecessor-version":[{"id":6118,"href":"https:\/\/www.merkezdistic.com\/index.php\/wp-json\/wp\/v2\/pages\/6115\/revisions\/6118"}],"wp:attachment":[{"href":"https:\/\/www.merkezdistic.com\/index.php\/wp-json\/wp\/v2\/media?parent=6115"}],"curies":[{"name":"wp","href":"https:\/\/api.w.org\/{rel}","templated":true}]}}