{"id":6062,"date":"2020-08-29T19:30:34","date_gmt":"2020-08-29T19:30:34","guid":{"rendered":"http:\/\/www.merkezdistic.com\/?page_id=6062"},"modified":"2022-06-30T12:18:28","modified_gmt":"2022-06-30T12:18:28","slug":"kostik","status":"publish","type":"page","link":"https:\/\/www.merkezdistic.com\/index.php\/kostik\/","title":{"rendered":"Kostik"},"content":{"rendered":"\n<div class=\"wp-block-media-text alignwide has-media-on-the-right is-stacked-on-mobile\" style=\"grid-template-columns:auto 32%\"><figure class=\"wp-block-media-text__media\"><img width=\"800\" height=\"800\" src=\"http:\/\/www.merkezdistic.com\/wp-content\/uploads\/2020\/08\/kostik-1.jpg\" alt=\"\" class=\"wp-image-6063 size-full\" srcset=\"https:\/\/www.merkezdistic.com\/wp-content\/uploads\/2020\/08\/kostik-1.jpg 800w, https:\/\/www.merkezdistic.com\/wp-content\/uploads\/2020\/08\/kostik-1-300x300.jpg 300w, https:\/\/www.merkezdistic.com\/wp-content\/uploads\/2020\/08\/kostik-1-150x150.jpg 150w, https:\/\/www.merkezdistic.com\/wp-content\/uploads\/2020\/08\/kostik-1-768x768.jpg 768w, https:\/\/www.merkezdistic.com\/wp-content\/uploads\/2020\/08\/kostik-1-100x100.jpg 100w, https:\/\/www.merkezdistic.com\/wp-content\/uploads\/2020\/08\/kostik-1-140x140.jpg 140w, https:\/\/www.merkezdistic.com\/wp-content\/uploads\/2020\/08\/kostik-1-500x500.jpg 500w, https:\/\/www.merkezdistic.com\/wp-content\/uploads\/2020\/08\/kostik-1-350x350.jpg 350w\" sizes=\"(max-width: 800px) 100vw, 800px\" \/><\/figure><div class=\"wp-block-media-text__content\">\n<p style=\"font-size:19px\"><strong>Kostik Nerelerde Kullan\u0131l\u0131r? <\/strong><\/p>\n\n\n\n<p style=\"font-size:17px\">Bildi\u011fimiz sabunun hammaddelerinden biridir. Kostik ve ya\u011f tepkimesinden gliserin ve sabun ortaya \u00e7\u0131kmaktad\u0131r. Ayn\u0131 zamanda lavabo a\u00e7\u0131c\u0131lar asl\u0131nda bildi\u011fimiz kostikten ba\u015fka bir \u015fey de\u011fildir. Laboratuarlarda asidik gazlar\u0131 yakalamak i\u00e7in kullan\u0131lan kostik end\u00fcstride bir\u00e7ok kimyasal maddenin yap\u0131m\u0131nda ve petrol rafinerilerinde kullan\u0131l\u0131r. Suyla temas\u0131 halinde 5 dakika i\u00e7inde s\u0131cakl\u0131\u011f\u0131 50 dereceye \u00e7\u0131kar\u0131r ve yakla\u015f\u0131k olarak 15 dakika bu s\u0131cakl\u0131\u011f\u0131 korur. *Tekstilde en son \u00fcr\u00fcnde art\u0131klar\u0131 uzakla\u015ft\u0131rmak ve beyazlatmak i\u00e7in kullan\u0131lmas\u0131n\u0131n yan\u0131 s\u0131ra yapay ipek yap\u0131m\u0131nda da kullan\u0131l\u0131r. *Ka\u011f\u0131t sekt\u00f6r\u00fcnde; yap\u0131\u015ft\u0131r\u0131c\u0131 olarak, \u0131s\u0131yla yap\u0131lan matbaa bask\u0131lar\u0131nda ve gazete ka\u011f\u0131d\u0131nda kullan\u0131l\u0131r. Ka\u011f\u0131t ve ka\u011f\u0131t hamurunun yap\u0131m\u0131ndaki olmazsa olmazlardan biridir.<\/p>\n<\/div><\/div>\n","protected":false},"excerpt":{"rendered":"<p>Kostik Nerelerde Kullan\u0131l\u0131r? Bildi\u011fimiz sabunun hammaddelerinden biridir. Kostik ve ya\u011f tepkimesinden gliserin ve sabun ortaya \u00e7\u0131kmaktad\u0131r. Ayn\u0131 zamanda lavabo a\u00e7\u0131c\u0131lar asl\u0131nda bildi\u011fimiz kostikten ba\u015fka bir \u015fey de\u011fildir. Laboratuarlarda asidik gazlar\u0131&#8230;<\/p>\n","protected":false},"author":1,"featured_media":0,"parent":0,"menu_order":0,"comment_status":"closed","ping_status":"closed","template":"","meta":[],"_links":{"self":[{"href":"https:\/\/www.merkezdistic.com\/index.php\/wp-json\/wp\/v2\/pages\/6062"}],"collection":[{"href":"https:\/\/www.merkezdistic.com\/index.php\/wp-json\/wp\/v2\/pages"}],"about":[{"href":"https:\/\/www.merkezdistic.com\/index.php\/wp-json\/wp\/v2\/types\/page"}],"author":[{"embeddable":true,"href":"https:\/\/www.merkezdistic.com\/index.php\/wp-json\/wp\/v2\/users\/1"}],"replies":[{"embeddable":true,"href":"https:\/\/www.merkezdistic.com\/index.php\/wp-json\/wp\/v2\/comments?post=6062"}],"version-history":[{"count":4,"href":"https:\/\/www.merkezdistic.com\/index.php\/wp-json\/wp\/v2\/pages\/6062\/revisions"}],"predecessor-version":[{"id":6580,"href":"https:\/\/www.merkezdistic.com\/index.php\/wp-json\/wp\/v2\/pages\/6062\/revisions\/6580"}],"wp:attachment":[{"href":"https:\/\/www.merkezdistic.com\/index.php\/wp-json\/wp\/v2\/media?parent=6062"}],"curies":[{"name":"wp","href":"https:\/\/api.w.org\/{rel}","templated":true}]}}