{"id":6032,"date":"2020-08-29T16:44:08","date_gmt":"2020-08-29T16:44:08","guid":{"rendered":"http:\/\/www.merkezdistic.com\/?page_id=6032"},"modified":"2020-08-29T16:44:08","modified_gmt":"2020-08-29T16:44:08","slug":"diger-urunler","status":"publish","type":"page","link":"https:\/\/www.merkezdistic.com\/index.php\/diger-urunler\/","title":{"rendered":"Di\u011fer \u00dcr\u00fcnler"},"content":{"rendered":"","protected":false},"excerpt":{"rendered":"","protected":false},"author":1,"featured_media":0,"parent":0,"menu_order":0,"comment_status":"closed","ping_status":"closed","template":"","meta":[],"_links":{"self":[{"href":"https:\/\/www.merkezdistic.com\/index.php\/wp-json\/wp\/v2\/pages\/6032"}],"collection":[{"href":"https:\/\/www.merkezdistic.com\/index.php\/wp-json\/wp\/v2\/pages"}],"about":[{"href":"https:\/\/www.merkezdistic.com\/index.php\/wp-json\/wp\/v2\/types\/page"}],"author":[{"embeddable":true,"href":"https:\/\/www.merkezdistic.com\/index.php\/wp-json\/wp\/v2\/users\/1"}],"replies":[{"embeddable":true,"href":"https:\/\/www.merkezdistic.com\/index.php\/wp-json\/wp\/v2\/comments?post=6032"}],"version-history":[{"count":2,"href":"https:\/\/www.merkezdistic.com\/index.php\/wp-json\/wp\/v2\/pages\/6032\/revisions"}],"predecessor-version":[{"id":6552,"href":"https:\/\/www.merkezdistic.com\/index.php\/wp-json\/wp\/v2\/pages\/6032\/revisions\/6552"}],"wp:attachment":[{"href":"https:\/\/www.merkezdistic.com\/index.php\/wp-json\/wp\/v2\/media?parent=6032"}],"curies":[{"name":"wp","href":"https:\/\/api.w.org\/{rel}","templated":true}]}}