{"id":6028,"date":"2020-08-29T16:42:18","date_gmt":"2020-08-29T16:42:18","guid":{"rendered":"http:\/\/www.merkezdistic.com\/?page_id=6028"},"modified":"2020-08-29T16:42:44","modified_gmt":"2020-08-29T16:42:44","slug":"nisastalar","status":"publish","type":"page","link":"https:\/\/www.merkezdistic.com\/index.php\/nisastalar\/","title":{"rendered":"Ni\u015fastalar"},"content":{"rendered":"\n<div class=\"wp-container-2 wp-block-group\"><div class=\"wp-block-group__inner-container\">\n<div class=\"wp-container-1 wp-block-group\"><div class=\"wp-block-group__inner-container\">\n<p class=\"has-text-align-left\">Cocentrated Stach Glue<\/p>\n\n\n\n<p class=\"has-text-align-left\">Ham Ni\u015fasta<\/p>\n\n\n\n<p class=\"has-text-align-left\">Ni\u015fkoz Bond (Modifiye Ni\u015fa\u015fta)<\/p>\n\n\n\n<p class=\"has-text-align-left\">Ni\u015fkoz Coragum<\/p>\n<\/div><\/div>\n<\/div><\/div>\n","protected":false},"excerpt":{"rendered":"<p>Cocentrated Stach Glue Ham Ni\u015fasta Ni\u015fkoz Bond (Modifiye Ni\u015fa\u015fta) Ni\u015fkoz Coragum<\/p>\n","protected":false},"author":1,"featured_media":0,"parent":0,"menu_order":0,"comment_status":"closed","ping_status":"closed","template":"","meta":[],"_links":{"self":[{"href":"https:\/\/www.merkezdistic.com\/index.php\/wp-json\/wp\/v2\/pages\/6028"}],"collection":[{"href":"https:\/\/www.merkezdistic.com\/index.php\/wp-json\/wp\/v2\/pages"}],"about":[{"href":"https:\/\/www.merkezdistic.com\/index.php\/wp-json\/wp\/v2\/types\/page"}],"author":[{"embeddable":true,"href":"https:\/\/www.merkezdistic.com\/index.php\/wp-json\/wp\/v2\/users\/1"}],"replies":[{"embeddable":true,"href":"https:\/\/www.merkezdistic.com\/index.php\/wp-json\/wp\/v2\/comments?post=6028"}],"version-history":[{"count":1,"href":"https:\/\/www.merkezdistic.com\/index.php\/wp-json\/wp\/v2\/pages\/6028\/revisions"}],"predecessor-version":[{"id":6029,"href":"https:\/\/www.merkezdistic.com\/index.php\/wp-json\/wp\/v2\/pages\/6028\/revisions\/6029"}],"wp:attachment":[{"href":"https:\/\/www.merkezdistic.com\/index.php\/wp-json\/wp\/v2\/media?parent=6028"}],"curies":[{"name":"wp","href":"https:\/\/api.w.org\/{rel}","templated":true}]}}