{"id":6518,"date":"2022-06-29T12:51:20","date_gmt":"2022-06-29T12:51:20","guid":{"rendered":"https:\/\/www.merkezdistic.com\/?page_id=6518"},"modified":"2022-06-30T07:20:37","modified_gmt":"2022-06-30T07:20:37","slug":"sivi-dekstrin","status":"publish","type":"page","link":"http:\/\/www.merkezdistic.com\/index.php\/sivi-dekstrin\/","title":{"rendered":"S\u0131v\u0131 Dekstrin"},"content":{"rendered":"[vc_row type=&#8221;in_container&#8221; full_screen_row_position=&#8221;middle&#8221; column_margin=&#8221;default&#8221; column_direction=&#8221;default&#8221; column_direction_tablet=&#8221;default&#8221; column_direction_phone=&#8221;default&#8221; scene_position=&#8221;center&#8221; text_color=&#8221;dark&#8221; text_align=&#8221;left&#8221; row_border_radius=&#8221;none&#8221; row_border_radius_applies=&#8221;bg&#8221; overlay_strength=&#8221;0.3&#8243; gradient_direction=&#8221;left_to_right&#8221; shape_divider_position=&#8221;bottom&#8221; bg_image_animation=&#8221;none&#8221;][vc_column column_padding=&#8221;no-extra-padding&#8221; column_padding_tablet=&#8221;inherit&#8221; column_padding_phone=&#8221;inherit&#8221; column_padding_position=&#8221;all&#8221; background_color_opacity=&#8221;1&#8243; background_hover_color_opacity=&#8221;1&#8243; column_shadow=&#8221;none&#8221; column_border_radius=&#8221;none&#8221; column_link_target=&#8221;_self&#8221; gradient_direction=&#8221;left_to_right&#8221; overlay_strength=&#8221;0.3&#8243; width=&#8221;1\/1&#8243; tablet_width_inherit=&#8221;default&#8221; tablet_text_alignment=&#8221;default&#8221; phone_text_alignment=&#8221;default&#8221; column_border_width=&#8221;none&#8221; column_border_style=&#8221;solid&#8221; bg_image_animation=&#8221;none&#8221;][vc_column_text]<!-- \/wp:paragraph --><\/p>\n<h3 class=\"card-title mbr-fonts-style mb-4 display-2\">S\u0131v\u0131 Dekstrin Tutkal\u0131<\/h3>\n<p class=\"mbr-text mbr-fonts-style display-7\"><strong>\u00dcr\u00fcn \u00c7e\u015fitleri:<br \/><\/strong>M 70<br \/>M 90<br \/>M 95-S<br \/>S 2<\/p>\n<p><strong>Kullan\u0131m Alanlar\u0131:<\/strong><\/p>\n<ul>\n<li>Ka\u011f\u0131t ve Ambalaj Sanayiinde;<\/li>\n<li>Masura &#8211; Rolling &#8211; Mihver, K\u00f6\u015febent, Ka\u011f\u0131t ve Karton, Ofset Bask\u0131 laminasyon \u00fcretimlerinde kullan\u0131lmaktad\u0131r.<\/li>\n<\/ul>\n<p><strong>Ambalajlama \u015eekilleri:<br \/><\/strong><br \/>25 Kg Kraft Torba<br \/>500-1000 Kg B\u00fcy\u00fck Torba<\/p>\n[\/vc_column_text][image_with_animation image_url=&#8221;6559&#8243; animation=&#8221;Fade In&#8221; hover_animation=&#8221;none&#8221; alignment=&#8221;&#8221; border_radius=&#8221;none&#8221; box_shadow=&#8221;none&#8221; image_loading=&#8221;default&#8221; max_width=&#8221;100%&#8221; max_width_mobile=&#8221;default&#8221;][\/vc_column][\/vc_row][vc_row type=&#8221;in_container&#8221; full_screen_row_position=&#8221;middle&#8221; column_margin=&#8221;default&#8221; column_direction=&#8221;default&#8221; column_direction_tablet=&#8221;default&#8221; column_direction_phone=&#8221;default&#8221; scene_position=&#8221;center&#8221; text_color=&#8221;dark&#8221; text_align=&#8221;left&#8221; row_border_radius=&#8221;none&#8221; row_border_radius_applies=&#8221;bg&#8221; overlay_strength=&#8221;0.3&#8243; gradient_direction=&#8221;left_to_right&#8221; shape_divider_position=&#8221;bottom&#8221; bg_image_animation=&#8221;none&#8221;][vc_column column_padding=&#8221;no-extra-padding&#8221; column_padding_tablet=&#8221;inherit&#8221; column_padding_phone=&#8221;inherit&#8221; column_padding_position=&#8221;right&#8221; background_color_opacity=&#8221;1&#8243; background_hover_color_opacity=&#8221;1&#8243; column_shadow=&#8221;none&#8221; column_border_radius=&#8221;none&#8221; column_link_target=&#8221;_self&#8221; gradient_direction=&#8221;left_to_right&#8221; overlay_strength=&#8221;0.3&#8243; width=&#8221;1\/1&#8243; tablet_width_inherit=&#8221;default&#8221; tablet_text_alignment=&#8221;default&#8221; phone_text_alignment=&#8221;default&#8221; column_border_width=&#8221;none&#8221; column_border_style=&#8221;solid&#8221; bg_image_animation=&#8221;none&#8221;][\/vc_column][\/vc_row]\n","protected":false},"excerpt":{"rendered":"<p>[vc_row type=&#8221;in_container&#8221; full_screen_row_position=&#8221;middle&#8221; column_margin=&#8221;default&#8221; column_direction=&#8221;default&#8221; column_direction_tablet=&#8221;default&#8221; column_direction_phone=&#8221;default&#8221; scene_position=&#8221;center&#8221; text_color=&#8221;dark&#8221; text_align=&#8221;left&#8221; row_border_radius=&#8221;none&#8221; row_border_radius_applies=&#8221;bg&#8221; overlay_strength=&#8221;0.3&#8243; gradient_direction=&#8221;left_to_right&#8221; shape_divider_position=&#8221;bottom&#8221; bg_image_animation=&#8221;none&#8221;][vc_column column_padding=&#8221;no-extra-padding&#8221; column_padding_tablet=&#8221;inherit&#8221; column_padding_phone=&#8221;inherit&#8221; column_padding_position=&#8221;all&#8221; background_color_opacity=&#8221;1&#8243; background_hover_color_opacity=&#8221;1&#8243; column_shadow=&#8221;none&#8221; column_border_radius=&#8221;none&#8221; column_link_target=&#8221;_self&#8221; gradient_direction=&#8221;left_to_right&#8221; overlay_strength=&#8221;0.3&#8243; width=&#8221;1\/1&#8243; tablet_width_inherit=&#8221;default&#8221; tablet_text_alignment=&#8221;default&#8221;&#8230;<\/p>\n","protected":false},"author":2,"featured_media":0,"parent":0,"menu_order":0,"comment_status":"closed","ping_status":"closed","template":"","meta":[],"_links":{"self":[{"href":"http:\/\/www.merkezdistic.com\/index.php\/wp-json\/wp\/v2\/pages\/6518"}],"collection":[{"href":"http:\/\/www.merkezdistic.com\/index.php\/wp-json\/wp\/v2\/pages"}],"about":[{"href":"http:\/\/www.merkezdistic.com\/index.php\/wp-json\/wp\/v2\/types\/page"}],"author":[{"embeddable":true,"href":"http:\/\/www.merkezdistic.com\/index.php\/wp-json\/wp\/v2\/users\/2"}],"replies":[{"embeddable":true,"href":"http:\/\/www.merkezdistic.com\/index.php\/wp-json\/wp\/v2\/comments?post=6518"}],"version-history":[{"count":8,"href":"http:\/\/www.merkezdistic.com\/index.php\/wp-json\/wp\/v2\/pages\/6518\/revisions"}],"predecessor-version":[{"id":6577,"href":"http:\/\/www.merkezdistic.com\/index.php\/wp-json\/wp\/v2\/pages\/6518\/revisions\/6577"}],"wp:attachment":[{"href":"http:\/\/www.merkezdistic.com\/index.php\/wp-json\/wp\/v2\/media?parent=6518"}],"curies":[{"name":"wp","href":"https:\/\/api.w.org\/{rel}","templated":true}]}}