{"id":6366,"date":"2020-09-01T00:03:01","date_gmt":"2020-09-01T00:03:01","guid":{"rendered":"http:\/\/www.merkezdistic.com\/?page_id=6366"},"modified":"2020-09-01T00:03:01","modified_gmt":"2020-09-01T00:03:01","slug":"contact","status":"publish","type":"page","link":"http:\/\/www.merkezdistic.com\/index.php\/en\/contact\/","title":{"rendered":"Contact"},"content":{"rendered":"\r\n<ul><li>E\u011fitim Mah. 1. A\u00e7\u0131k G\u00f6z Sok. Ensar \u0130\u015f Merkezi No:24 K:2 D:6<\/li><li>HASANPA\u015eA<\/li><li>KADIK\u00d6Y<\/li><li>TURKEY<\/li><\/ul>\r\n\r\n\r\n\r\n<h3>\u0130leti\u015fim<\/h3>\r\n\r\n\r\n\r\n<ul><li><a href=\"mailto:info@merkezdistic.com\">info@merkezdistic.com<\/a><\/li><li><img src=\"http:\/\/web.archive.org\/web\/20191221052712im_\/http:\/\/www.merkezdistic.com\/media\/contacts\/images\/con_tel.png\" alt=\"Telefon: \">&nbsp;+90 216 414 64 50<\/li><li><img src=\"http:\/\/web.archive.org\/web\/20191221052712im_\/http:\/\/www.merkezdistic.com\/media\/contacts\/images\/con_fax.png\" alt=\"Faks: \">&nbsp;+90 216 414 68 95<\/li><li><img src=\"http:\/\/web.archive.org\/web\/20191221052712im_\/http:\/\/www.merkezdistic.com\/media\/contacts\/images\/con_mobile.png\" alt=\"Cep Telefonu: \">&nbsp;+90 532 313 76 03<\/li><\/ul>\r\n","protected":false},"excerpt":{"rendered":"<p>E\u011fitim Mah. 1. A\u00e7\u0131k G\u00f6z Sok. Ensar \u0130\u015f Merkezi No:24 K:2 D:6 HASANPA\u015eA KADIK\u00d6Y TURKEY \u0130leti\u015fim info@merkezdistic.com &nbsp;+90 216 414 64 50 &nbsp;+90 216 414 68 95 &nbsp;+90 532 313&#8230;<\/p>\n","protected":false},"author":1,"featured_media":0,"parent":0,"menu_order":0,"comment_status":"closed","ping_status":"closed","template":"template-contact.php","meta":[],"_links":{"self":[{"href":"http:\/\/www.merkezdistic.com\/index.php\/wp-json\/wp\/v2\/pages\/6366"}],"collection":[{"href":"http:\/\/www.merkezdistic.com\/index.php\/wp-json\/wp\/v2\/pages"}],"about":[{"href":"http:\/\/www.merkezdistic.com\/index.php\/wp-json\/wp\/v2\/types\/page"}],"author":[{"embeddable":true,"href":"http:\/\/www.merkezdistic.com\/index.php\/wp-json\/wp\/v2\/users\/1"}],"replies":[{"embeddable":true,"href":"http:\/\/www.merkezdistic.com\/index.php\/wp-json\/wp\/v2\/comments?post=6366"}],"version-history":[{"count":1,"href":"http:\/\/www.merkezdistic.com\/index.php\/wp-json\/wp\/v2\/pages\/6366\/revisions"}],"predecessor-version":[{"id":6367,"href":"http:\/\/www.merkezdistic.com\/index.php\/wp-json\/wp\/v2\/pages\/6366\/revisions\/6367"}],"wp:attachment":[{"href":"http:\/\/www.merkezdistic.com\/index.php\/wp-json\/wp\/v2\/media?parent=6366"}],"curies":[{"name":"wp","href":"https:\/\/api.w.org\/{rel}","templated":true}]}}