{"id":6202,"date":"2020-08-31T13:01:35","date_gmt":"2020-08-31T13:01:35","guid":{"rendered":"http:\/\/www.merkezdistic.com\/?page_id=6202"},"modified":"2022-06-30T13:07:02","modified_gmt":"2022-06-30T13:07:02","slug":"rafine-bitkisel-yag","status":"publish","type":"page","link":"http:\/\/www.merkezdistic.com\/index.php\/rafine-bitkisel-yag\/","title":{"rendered":"RAF\u0130NE B\u0130TK\u0130SEL YA\u011e"},"content":{"rendered":"\n<p style=\"font-size:39px\"><strong>RAF\u0130NE B\u0130TK\u0130SEL YA\u011e<\/strong><\/p>\n\n\n\n<p><\/p>\n","protected":false},"excerpt":{"rendered":"<p>RAF\u0130NE B\u0130TK\u0130SEL YA\u011e<\/p>\n","protected":false},"author":1,"featured_media":0,"parent":0,"menu_order":0,"comment_status":"closed","ping_status":"closed","template":"","meta":[],"_links":{"self":[{"href":"http:\/\/www.merkezdistic.com\/index.php\/wp-json\/wp\/v2\/pages\/6202"}],"collection":[{"href":"http:\/\/www.merkezdistic.com\/index.php\/wp-json\/wp\/v2\/pages"}],"about":[{"href":"http:\/\/www.merkezdistic.com\/index.php\/wp-json\/wp\/v2\/types\/page"}],"author":[{"embeddable":true,"href":"http:\/\/www.merkezdistic.com\/index.php\/wp-json\/wp\/v2\/users\/1"}],"replies":[{"embeddable":true,"href":"http:\/\/www.merkezdistic.com\/index.php\/wp-json\/wp\/v2\/comments?post=6202"}],"version-history":[{"count":2,"href":"http:\/\/www.merkezdistic.com\/index.php\/wp-json\/wp\/v2\/pages\/6202\/revisions"}],"predecessor-version":[{"id":6593,"href":"http:\/\/www.merkezdistic.com\/index.php\/wp-json\/wp\/v2\/pages\/6202\/revisions\/6593"}],"wp:attachment":[{"href":"http:\/\/www.merkezdistic.com\/index.php\/wp-json\/wp\/v2\/media?parent=6202"}],"curies":[{"name":"wp","href":"https:\/\/api.w.org\/{rel}","templated":true}]}}