{"id":6196,"date":"2020-08-31T13:00:23","date_gmt":"2020-08-31T13:00:23","guid":{"rendered":"http:\/\/www.merkezdistic.com\/?page_id=6196"},"modified":"2022-06-30T12:39:37","modified_gmt":"2022-06-30T12:39:37","slug":"soya-kuspesi","status":"publish","type":"page","link":"http:\/\/www.merkezdistic.com\/index.php\/soya-kuspesi\/","title":{"rendered":"Soya K\u00fcspesi"},"content":{"rendered":"\n<h1 style=\"font-size:39px\">SOYA K\u00dcSPES\u0130<\/h1>\n\n\n\n<p>Soya fasulyesi k\u00fcspesi, soya fasulyesi ya\u011f\u0131 \u00fcretiminin ard\u0131ndan olu\u015fan kat\u0131 kal\u0131nt\u0131n\u0131n \u00f6\u011f\u00fct\u00fclmesiyle elde edilen bir undur. Genel olarak hayvan yemlerinde protein kayna\u011f\u0131 olarak kullan\u0131lmaktad\u0131r.<\/p>\n\n\n    <div class=\"pdf-emberd-area\" style=\"display: block; overflow: hidden; min-height: 90px;\">\n        \t<div id=\"buttons\" style=\"margin-bottom:10px;\">\r\n\t\r\n\r\n\t\r\n\t\t<a href=\"http:\/\/www.merkezdistic.com\/wp-content\/plugins\/pdf-poster\/pdfjs\/web\/viewer.php?file=http:\/\/www.merkezdistic.com\/wp-content\/uploads\/2020\/08\/SpongeCakeMix.pdf&#038;download=true&#038;print=false&#038;openfile=false\"><button>View Fullscreen<\/button><\/a><br \/><iframe width=\"100%\" height=\"1122\" src=\"http:\/\/www.merkezdistic.com\/wp-content\/plugins\/pdf-poster\/pdfjs\/web\/viewer.php?file=http:\/\/www.merkezdistic.com\/wp-content\/uploads\/2020\/08\/SpongeCakeMix.pdf&#038;download=true&#038;print=false&#038;openfile=false\"><\/iframe>\r\n\r\n\t<\/div>\r\n\r\n    <\/div>\n\n<style>\n\n\n.pdf-emberd-area{\n    padding: 10px;\n}\n\n.wp-admin .doc-emberd-area:after {content: \"\";position: absolute;top: 0;left: 0;font-size: 12px;cursor: pointer;width: 100%; height: 100%;}\n<\/style>\n\n    ","protected":false},"excerpt":{"rendered":"<p>SOYA K\u00dcSPES\u0130 Soya fasulyesi k\u00fcspesi, soya fasulyesi ya\u011f\u0131 \u00fcretiminin ard\u0131ndan olu\u015fan kat\u0131 kal\u0131nt\u0131n\u0131n \u00f6\u011f\u00fct\u00fclmesiyle elde edilen bir undur. Genel olarak hayvan yemlerinde protein kayna\u011f\u0131 olarak kullan\u0131lmaktad\u0131r.<\/p>\n","protected":false},"author":1,"featured_media":0,"parent":0,"menu_order":0,"comment_status":"closed","ping_status":"closed","template":"","meta":[],"_links":{"self":[{"href":"http:\/\/www.merkezdistic.com\/index.php\/wp-json\/wp\/v2\/pages\/6196"}],"collection":[{"href":"http:\/\/www.merkezdistic.com\/index.php\/wp-json\/wp\/v2\/pages"}],"about":[{"href":"http:\/\/www.merkezdistic.com\/index.php\/wp-json\/wp\/v2\/types\/page"}],"author":[{"embeddable":true,"href":"http:\/\/www.merkezdistic.com\/index.php\/wp-json\/wp\/v2\/users\/1"}],"replies":[{"embeddable":true,"href":"http:\/\/www.merkezdistic.com\/index.php\/wp-json\/wp\/v2\/comments?post=6196"}],"version-history":[{"count":4,"href":"http:\/\/www.merkezdistic.com\/index.php\/wp-json\/wp\/v2\/pages\/6196\/revisions"}],"predecessor-version":[{"id":6590,"href":"http:\/\/www.merkezdistic.com\/index.php\/wp-json\/wp\/v2\/pages\/6196\/revisions\/6590"}],"wp:attachment":[{"href":"http:\/\/www.merkezdistic.com\/index.php\/wp-json\/wp\/v2\/media?parent=6196"}],"curies":[{"name":"wp","href":"https:\/\/api.w.org\/{rel}","templated":true}]}}