{"id":6188,"date":"2020-08-31T12:56:05","date_gmt":"2020-08-31T12:56:05","guid":{"rendered":"http:\/\/www.merkezdistic.com\/?page_id=6188"},"modified":"2022-06-30T12:34:50","modified_gmt":"2022-06-30T12:34:50","slug":"yumurta-tozu","status":"publish","type":"page","link":"http:\/\/www.merkezdistic.com\/index.php\/gida-ve-katki-maddeleri\/yumurta-tozu\/","title":{"rendered":"Yumurta Tozu"},"content":{"rendered":"\n<h1 style=\"font-size:39px\">YUMURTA TOZU<\/h1>\n\n\n\n<p>Yumurta tozu tercihe ba\u011fl\u0131 olarak kabuklu yumurtan\u0131n hijyenik \u00f6zel otomatik k\u0131rma makinesinde k\u0131r\u0131larak sar\u0131s\u0131 ve ak\u0131n\u0131n ayr\u0131ld\u0131ktan ve baz\u0131 \u00f6n i\u015flemler sonras\u0131 p\u00fcsk\u00fcrt\u00fcc\u00fc kurutucularda kurutma i\u015flemine tabi tutularak elde edilen toz \u00fcr\u00fcnd\u00fcr. Yumurta tozu depolama imkan\u0131 ve en az 12 ayl\u0131k raf \u00f6mr\u00fc ile avantaj sa\u011flamaktad\u0131r. Yumurta tozu belirli oranlarda su ile suland\u0131r\u0131larak kullan\u0131ma haz\u0131r s\u0131v\u0131 yumurta elde edilmektedir.<\/p>\n\n\n\n<p><strong>B\u00fct\u00fcn yumurta tozu kullan\u0131m alanlar\u0131:<\/strong>&nbsp;Hamur i\u015fleri, ekmek \u00fcr\u00fcnleri, pasta-kek, pizza hamuru, haz\u0131r \u00e7orba, hamburger kar\u0131\u015f\u0131mlar\u0131. Yumurta sar\u0131s\u0131 tozu kullan\u0131m alanlar\u0131: Hamur i\u015fleri, ekmek \u00fcr\u00fcnleri, pasta-kek, yemek, bisk\u00fcvi, mayonez, gofret, dondurma. Yumurta ak\u0131 tozu kullan\u0131m alanlar\u0131: \u00c7ikolata ve \u015fekerleme, \u00e7ikolata ezmesi, f\u0131nd\u0131k ezmesi, beze, v\u00fccut geli\u015ftirme ve sa\u011fl\u0131k \u00fcr\u00fcnleri.<\/p>\n\n\n    <div class=\"pdf-emberd-area\" style=\"display: block; overflow: hidden; min-height: 90px;\">\n        \t<div id=\"buttons\" style=\"margin-bottom:10px;\">\r\n\t\r\n\r\n\t\r\n\t\t<a href=\"http:\/\/www.merkezdistic.com\/wp-content\/plugins\/pdf-poster\/pdfjs\/web\/viewer.php?file=http:\/\/www.merkezdistic.com\/wp-content\/uploads\/2020\/08\/egg-baking_powder.pdf&#038;download=true&#038;print=false&#038;openfile=false\"><button>View Fullscreen<\/button><\/a><br \/><iframe width=\"100%\" height=\"1122\" src=\"http:\/\/www.merkezdistic.com\/wp-content\/plugins\/pdf-poster\/pdfjs\/web\/viewer.php?file=http:\/\/www.merkezdistic.com\/wp-content\/uploads\/2020\/08\/egg-baking_powder.pdf&#038;download=true&#038;print=false&#038;openfile=false\"><\/iframe>\r\n\r\n\t<\/div>\r\n\r\n    <\/div>\n\n<style>\n\n\n.pdf-emberd-area{\n    padding: 10px;\n}\n\n.wp-admin .doc-emberd-area:after {content: \"\";position: absolute;top: 0;left: 0;font-size: 12px;cursor: pointer;width: 100%; height: 100%;}\n<\/style>\n\n    ","protected":false},"excerpt":{"rendered":"<p>YUMURTA TOZU Yumurta tozu tercihe ba\u011fl\u0131 olarak kabuklu yumurtan\u0131n hijyenik \u00f6zel otomatik k\u0131rma makinesinde k\u0131r\u0131larak sar\u0131s\u0131 ve ak\u0131n\u0131n ayr\u0131ld\u0131ktan ve baz\u0131 \u00f6n i\u015flemler sonras\u0131 p\u00fcsk\u00fcrt\u00fcc\u00fc kurutucularda kurutma i\u015flemine tabi tutularak&#8230;<\/p>\n","protected":false},"author":1,"featured_media":0,"parent":6030,"menu_order":0,"comment_status":"closed","ping_status":"closed","template":"","meta":[],"_links":{"self":[{"href":"http:\/\/www.merkezdistic.com\/index.php\/wp-json\/wp\/v2\/pages\/6188"}],"collection":[{"href":"http:\/\/www.merkezdistic.com\/index.php\/wp-json\/wp\/v2\/pages"}],"about":[{"href":"http:\/\/www.merkezdistic.com\/index.php\/wp-json\/wp\/v2\/types\/page"}],"author":[{"embeddable":true,"href":"http:\/\/www.merkezdistic.com\/index.php\/wp-json\/wp\/v2\/users\/1"}],"replies":[{"embeddable":true,"href":"http:\/\/www.merkezdistic.com\/index.php\/wp-json\/wp\/v2\/comments?post=6188"}],"version-history":[{"count":4,"href":"http:\/\/www.merkezdistic.com\/index.php\/wp-json\/wp\/v2\/pages\/6188\/revisions"}],"predecessor-version":[{"id":6587,"href":"http:\/\/www.merkezdistic.com\/index.php\/wp-json\/wp\/v2\/pages\/6188\/revisions\/6587"}],"up":[{"embeddable":true,"href":"http:\/\/www.merkezdistic.com\/index.php\/wp-json\/wp\/v2\/pages\/6030"}],"wp:attachment":[{"href":"http:\/\/www.merkezdistic.com\/index.php\/wp-json\/wp\/v2\/media?parent=6188"}],"curies":[{"name":"wp","href":"https:\/\/api.w.org\/{rel}","templated":true}]}}