{"id":6180,"date":"2020-08-31T12:53:20","date_gmt":"2020-08-31T12:53:20","guid":{"rendered":"http:\/\/www.merkezdistic.com\/?page_id=6180"},"modified":"2022-06-30T12:26:43","modified_gmt":"2022-06-30T12:26:43","slug":"mono-kalsiyum-fosfat-mcp","status":"publish","type":"page","link":"http:\/\/www.merkezdistic.com\/index.php\/gida-ve-katki-maddeleri\/mono-kalsiyum-fosfat-mcp\/","title":{"rendered":"Mono Kalsiyum Fosfat MCP"},"content":{"rendered":"\n<h1 style=\"font-size:39px\">MONO KALS\u0130YUM FOSFAT MCP<\/h1>\n\n\n\n<h6><strong>T\u0130CAR\u0130 \u0130SM\u0130:\u00a0<\/strong>BEMp22.7% P<\/h6>\n\n\n\n<h6><strong>K\u0130MYASAL \u0130SM\u0130:<\/strong>\u00a0 Mono kalsiyum Fosfat\u00a0<\/h6>\n\n\n\n<h6><strong>K\u0130MYASAL FORM\u00dcL\u00dc:\u00a0<\/strong>Ca(H2P04)2-H20-H20<\/h6>\n\n\n\n<h6><strong>K\u0130MYASAL A\u0130LE:<\/strong>\u00a0\u00a0\u0130norganik Tuz<\/h6>\n\n\n\n<h6><strong>MOLEK\u00dcL A\u011eIRLI\u011eI:<\/strong>\u00a0252.0 gr\/mol<\/h6>\n\n\n\n<h6><strong>G\u00d6R\u00dcN\u00dcM-RENK:<\/strong> Beyaz toz ve taneli<\/h6>\n\n\n\n<h6><strong>PAKETLEME :\u00a0\u00a0<\/strong>25-50-1000 kg p.p bags<\/h6>\n\n\n    <div class=\"pdf-emberd-area\" style=\"display: block; overflow: hidden; min-height: 90px;\">\n        \t<div id=\"buttons\" style=\"margin-bottom:10px;\">\r\n\t\r\n\r\n\t\r\n\t\t<a href=\"http:\/\/www.merkezdistic.com\/wp-content\/plugins\/pdf-poster\/pdfjs\/web\/viewer.php?file=http:\/\/www.merkezdistic.com\/wp-content\/uploads\/2020\/08\/MONOCALCIUM-PHOSPHATE-MCP-Mcp.pdf&#038;download=true&#038;print=false&#038;openfile=false\"><button>View Fullscreen<\/button><\/a><br \/><iframe width=\"100%\" height=\"1122\" src=\"http:\/\/www.merkezdistic.com\/wp-content\/plugins\/pdf-poster\/pdfjs\/web\/viewer.php?file=http:\/\/www.merkezdistic.com\/wp-content\/uploads\/2020\/08\/MONOCALCIUM-PHOSPHATE-MCP-Mcp.pdf&#038;download=true&#038;print=false&#038;openfile=false\"><\/iframe>\r\n\r\n\t<\/div>\r\n\r\n    <\/div>\n\n<style>\n\n\n.pdf-emberd-area{\n    padding: 10px;\n}\n\n.wp-admin .doc-emberd-area:after {content: \"\";position: absolute;top: 0;left: 0;font-size: 12px;cursor: pointer;width: 100%; height: 100%;}\n<\/style>\n\n    ","protected":false},"excerpt":{"rendered":"<p>MONO KALS\u0130YUM FOSFAT MCP T\u0130CAR\u0130 \u0130SM\u0130:\u00a0BEMp22.7% P K\u0130MYASAL \u0130SM\u0130:\u00a0 Mono kalsiyum Fosfat\u00a0 K\u0130MYASAL FORM\u00dcL\u00dc:\u00a0Ca(H2P04)2-H20-H20 K\u0130MYASAL A\u0130LE:\u00a0\u00a0\u0130norganik Tuz MOLEK\u00dcL A\u011eIRLI\u011eI:\u00a0252.0 gr\/mol G\u00d6R\u00dcN\u00dcM-RENK: Beyaz toz ve taneli PAKETLEME :\u00a0\u00a025-50-1000 kg p.p bags<\/p>\n","protected":false},"author":1,"featured_media":0,"parent":6030,"menu_order":0,"comment_status":"closed","ping_status":"closed","template":"","meta":[],"_links":{"self":[{"href":"http:\/\/www.merkezdistic.com\/index.php\/wp-json\/wp\/v2\/pages\/6180"}],"collection":[{"href":"http:\/\/www.merkezdistic.com\/index.php\/wp-json\/wp\/v2\/pages"}],"about":[{"href":"http:\/\/www.merkezdistic.com\/index.php\/wp-json\/wp\/v2\/types\/page"}],"author":[{"embeddable":true,"href":"http:\/\/www.merkezdistic.com\/index.php\/wp-json\/wp\/v2\/users\/1"}],"replies":[{"embeddable":true,"href":"http:\/\/www.merkezdistic.com\/index.php\/wp-json\/wp\/v2\/comments?post=6180"}],"version-history":[{"count":6,"href":"http:\/\/www.merkezdistic.com\/index.php\/wp-json\/wp\/v2\/pages\/6180\/revisions"}],"predecessor-version":[{"id":6585,"href":"http:\/\/www.merkezdistic.com\/index.php\/wp-json\/wp\/v2\/pages\/6180\/revisions\/6585"}],"up":[{"embeddable":true,"href":"http:\/\/www.merkezdistic.com\/index.php\/wp-json\/wp\/v2\/pages\/6030"}],"wp:attachment":[{"href":"http:\/\/www.merkezdistic.com\/index.php\/wp-json\/wp\/v2\/media?parent=6180"}],"curies":[{"name":"wp","href":"https:\/\/api.w.org\/{rel}","templated":true}]}}