{"id":6071,"date":"2020-08-29T19:40:34","date_gmt":"2020-08-29T19:40:34","guid":{"rendered":"http:\/\/www.merkezdistic.com\/?page_id=6071"},"modified":"2022-06-30T12:19:22","modified_gmt":"2022-06-30T12:19:22","slug":"boraks","status":"publish","type":"page","link":"http:\/\/www.merkezdistic.com\/index.php\/boraks\/","title":{"rendered":"Boraks"},"content":{"rendered":"\n<div class=\"wp-block-media-text alignwide has-media-on-the-right is-stacked-on-mobile\" style=\"grid-template-columns:auto 32%\"><figure class=\"wp-block-media-text__media\"><img width=\"800\" height=\"800\" src=\"http:\/\/www.merkezdistic.com\/wp-content\/uploads\/2020\/08\/borax-1.jpg\" alt=\"\" class=\"wp-image-6072 size-full\" srcset=\"http:\/\/www.merkezdistic.com\/wp-content\/uploads\/2020\/08\/borax-1.jpg 800w, http:\/\/www.merkezdistic.com\/wp-content\/uploads\/2020\/08\/borax-1-300x300.jpg 300w, http:\/\/www.merkezdistic.com\/wp-content\/uploads\/2020\/08\/borax-1-150x150.jpg 150w, http:\/\/www.merkezdistic.com\/wp-content\/uploads\/2020\/08\/borax-1-768x768.jpg 768w, http:\/\/www.merkezdistic.com\/wp-content\/uploads\/2020\/08\/borax-1-100x100.jpg 100w, http:\/\/www.merkezdistic.com\/wp-content\/uploads\/2020\/08\/borax-1-140x140.jpg 140w, http:\/\/www.merkezdistic.com\/wp-content\/uploads\/2020\/08\/borax-1-500x500.jpg 500w, http:\/\/www.merkezdistic.com\/wp-content\/uploads\/2020\/08\/borax-1-350x350.jpg 350w\" sizes=\"(max-width: 800px) 100vw, 800px\" \/><\/figure><div class=\"wp-block-media-text__content\">\n<p style=\"font-size:30px\"><strong>Boraks<\/strong><\/p>\n\n\n\n<p class=\"has-normal-font-size\">Boraks ara\u00e7lar\u0131n so\u011futma sisteminde antifirize katk\u0131 maddesi olarak kullan\u0131l\u0131r.<br>Kimyasal \u00f6zellik olarak beyaz, kat\u0131 kristalize formdad\u0131r. Boraks beyaz renkte olup kokusuzdur. Sudaki \u00e7\u00f6z\u00fcn\u00fcrl\u00fc\u011f\u00fc fazla olan boraks seramikte s\u0131r hammadesi olarakta kullan\u0131l\u0131r. \u0130n\u015faat sekt\u00f6r\u00fcnde \u0131s\u0131 ve ses yal\u0131t\u0131m\u0131 amac\u0131yla s\u0131v\u0131 malzemelerde kullan\u0131l\u0131r.<\/p>\n\n\n\n<p style=\"font-size:19px\">&nbsp;<\/p>\n<\/div><\/div>\n","protected":false},"excerpt":{"rendered":"<p>Boraks Boraks ara\u00e7lar\u0131n so\u011futma sisteminde antifirize katk\u0131 maddesi olarak kullan\u0131l\u0131r.Kimyasal \u00f6zellik olarak beyaz, kat\u0131 kristalize formdad\u0131r. Boraks beyaz renkte olup kokusuzdur. Sudaki \u00e7\u00f6z\u00fcn\u00fcrl\u00fc\u011f\u00fc fazla olan boraks seramikte s\u0131r hammadesi olarakta&#8230;<\/p>\n","protected":false},"author":1,"featured_media":0,"parent":0,"menu_order":0,"comment_status":"closed","ping_status":"closed","template":"","meta":[],"_links":{"self":[{"href":"http:\/\/www.merkezdistic.com\/index.php\/wp-json\/wp\/v2\/pages\/6071"}],"collection":[{"href":"http:\/\/www.merkezdistic.com\/index.php\/wp-json\/wp\/v2\/pages"}],"about":[{"href":"http:\/\/www.merkezdistic.com\/index.php\/wp-json\/wp\/v2\/types\/page"}],"author":[{"embeddable":true,"href":"http:\/\/www.merkezdistic.com\/index.php\/wp-json\/wp\/v2\/users\/1"}],"replies":[{"embeddable":true,"href":"http:\/\/www.merkezdistic.com\/index.php\/wp-json\/wp\/v2\/comments?post=6071"}],"version-history":[{"count":5,"href":"http:\/\/www.merkezdistic.com\/index.php\/wp-json\/wp\/v2\/pages\/6071\/revisions"}],"predecessor-version":[{"id":6581,"href":"http:\/\/www.merkezdistic.com\/index.php\/wp-json\/wp\/v2\/pages\/6071\/revisions\/6581"}],"wp:attachment":[{"href":"http:\/\/www.merkezdistic.com\/index.php\/wp-json\/wp\/v2\/media?parent=6071"}],"curies":[{"name":"wp","href":"https:\/\/api.w.org\/{rel}","templated":true}]}}