{"id":6054,"date":"2020-08-29T19:18:59","date_gmt":"2020-08-29T19:18:59","guid":{"rendered":"http:\/\/www.merkezdistic.com\/?page_id=6054"},"modified":"2022-06-30T07:24:07","modified_gmt":"2022-06-30T07:24:07","slug":"sorbitol","status":"publish","type":"page","link":"http:\/\/www.merkezdistic.com\/index.php\/sorbitol\/","title":{"rendered":"Sorbitol"},"content":{"rendered":"\n<div class=\"wp-block-media-text alignwide has-media-on-the-right is-stacked-on-mobile\" style=\"grid-template-columns:auto 32%\"><figure class=\"wp-block-media-text__media\"><img width=\"800\" height=\"800\" src=\"http:\/\/www.merkezdistic.com\/wp-content\/uploads\/2020\/08\/sorbitol-1.jpg\" alt=\"\" class=\"wp-image-6055 size-full\" srcset=\"http:\/\/www.merkezdistic.com\/wp-content\/uploads\/2020\/08\/sorbitol-1.jpg 800w, http:\/\/www.merkezdistic.com\/wp-content\/uploads\/2020\/08\/sorbitol-1-300x300.jpg 300w, http:\/\/www.merkezdistic.com\/wp-content\/uploads\/2020\/08\/sorbitol-1-150x150.jpg 150w, http:\/\/www.merkezdistic.com\/wp-content\/uploads\/2020\/08\/sorbitol-1-768x768.jpg 768w, http:\/\/www.merkezdistic.com\/wp-content\/uploads\/2020\/08\/sorbitol-1-100x100.jpg 100w, http:\/\/www.merkezdistic.com\/wp-content\/uploads\/2020\/08\/sorbitol-1-140x140.jpg 140w, http:\/\/www.merkezdistic.com\/wp-content\/uploads\/2020\/08\/sorbitol-1-500x500.jpg 500w, http:\/\/www.merkezdistic.com\/wp-content\/uploads\/2020\/08\/sorbitol-1-350x350.jpg 350w\" sizes=\"(max-width: 800px) 100vw, 800px\" \/><\/figure><div class=\"wp-block-media-text__content\">\n<p style=\"font-size:30px\"><strong>Sorbitol<\/strong><\/p>\n\n\n\n<p class=\"has-normal-font-size\">Sorbitol; S\u0131v\u0131 formdad\u0131r E kodu (E 420) olan g\u0131da katk\u0131 maddesidir. Do\u011fal bir karbonhidrat olan Sorbitol, taneli ve tanesiz bir \u00e7ok meyvede (elma, kuru erik, kiraz \u00fcz\u00fcm vb.) bulunur. Do\u011fal olarak Sorbitol; meyvelerde \u00f6zellikle b\u00f6\u011f\u00fcrtlen t\u00fcr\u00fc meyvelerinde bulunmaktad\u0131r. Sofra \u015fekerinin kalorisine denktir. Sakkarozun yar\u0131s\u0131 kadar tatland\u0131rma g\u00fcc\u00fc vard\u0131r. B12, B1, ve C vitaminlerinin emilimini artt\u0131rma \u00f6zelli\u011fine sahiptir. \u015eekerleme sekt\u00f6r\u00fcnde kullan\u0131l\u0131r. Sorbitol suda \u00e7ok kolay \u00e7\u00f6z\u00fcnmesinin yan\u0131 s\u0131ra Alkol, Metanol ve Asetik Asit \u00e7ok az \u00e7\u00f6z\u00fcn\u00fcr<\/p>\n\n\n\n<p><strong>SORB\u0130TOL (E420) Kullan\u0131m Alanlar\u0131:<\/strong><\/p>\n\n\n\n<ul><li>G\u0131da Sekt\u00f6r\u00fcnde; tatland\u0131r\u0131c\u0131 ve nem tutucu gibi uygulama alanlar\u0131nda kullan\u0131l\u0131r.<\/li><li>Eczac\u0131l\u0131k alanlar\u0131nda kullan\u0131l\u0131r.<\/li><li>Kozmetik \u00fcr\u00fcnlerinde kullan\u0131l\u0131r.<\/li><\/ul>\n<\/div><\/div>\n\n\n\n<p><\/p>\n","protected":false},"excerpt":{"rendered":"<p>Sorbitol Sorbitol; S\u0131v\u0131 formdad\u0131r E kodu (E 420) olan g\u0131da katk\u0131 maddesidir. Do\u011fal bir karbonhidrat olan Sorbitol, taneli ve tanesiz bir \u00e7ok meyvede (elma, kuru erik, kiraz \u00fcz\u00fcm vb.) bulunur&#8230;.<\/p>\n","protected":false},"author":1,"featured_media":0,"parent":0,"menu_order":0,"comment_status":"closed","ping_status":"closed","template":"","meta":[],"_links":{"self":[{"href":"http:\/\/www.merkezdistic.com\/index.php\/wp-json\/wp\/v2\/pages\/6054"}],"collection":[{"href":"http:\/\/www.merkezdistic.com\/index.php\/wp-json\/wp\/v2\/pages"}],"about":[{"href":"http:\/\/www.merkezdistic.com\/index.php\/wp-json\/wp\/v2\/types\/page"}],"author":[{"embeddable":true,"href":"http:\/\/www.merkezdistic.com\/index.php\/wp-json\/wp\/v2\/users\/1"}],"replies":[{"embeddable":true,"href":"http:\/\/www.merkezdistic.com\/index.php\/wp-json\/wp\/v2\/comments?post=6054"}],"version-history":[{"count":8,"href":"http:\/\/www.merkezdistic.com\/index.php\/wp-json\/wp\/v2\/pages\/6054\/revisions"}],"predecessor-version":[{"id":6579,"href":"http:\/\/www.merkezdistic.com\/index.php\/wp-json\/wp\/v2\/pages\/6054\/revisions\/6579"}],"wp:attachment":[{"href":"http:\/\/www.merkezdistic.com\/index.php\/wp-json\/wp\/v2\/media?parent=6054"}],"curies":[{"name":"wp","href":"https:\/\/api.w.org\/{rel}","templated":true}]}}