{"id":6045,"date":"2020-08-29T18:59:34","date_gmt":"2020-08-29T18:59:34","guid":{"rendered":"http:\/\/www.merkezdistic.com\/?page_id=6045"},"modified":"2022-06-29T12:45:56","modified_gmt":"2022-06-29T12:45:56","slug":"dekstrin","status":"publish","type":"page","link":"http:\/\/www.merkezdistic.com\/index.php\/dekstrin\/","title":{"rendered":"Toz Dekstrin"},"content":{"rendered":"\n<div class=\"wp-block-media-text alignwide has-media-on-the-right is-stacked-on-mobile\" style=\"grid-template-columns:auto 38%\"><figure class=\"wp-block-media-text__media\"><img width=\"800\" height=\"800\" src=\"http:\/\/www.merkezdistic.com\/wp-content\/uploads\/2020\/08\/dekstrin-2.jpg\" alt=\"\" class=\"wp-image-6049 size-full\" srcset=\"http:\/\/www.merkezdistic.com\/wp-content\/uploads\/2020\/08\/dekstrin-2.jpg 800w, http:\/\/www.merkezdistic.com\/wp-content\/uploads\/2020\/08\/dekstrin-2-300x300.jpg 300w, http:\/\/www.merkezdistic.com\/wp-content\/uploads\/2020\/08\/dekstrin-2-150x150.jpg 150w, http:\/\/www.merkezdistic.com\/wp-content\/uploads\/2020\/08\/dekstrin-2-768x768.jpg 768w, http:\/\/www.merkezdistic.com\/wp-content\/uploads\/2020\/08\/dekstrin-2-100x100.jpg 100w, http:\/\/www.merkezdistic.com\/wp-content\/uploads\/2020\/08\/dekstrin-2-140x140.jpg 140w, http:\/\/www.merkezdistic.com\/wp-content\/uploads\/2020\/08\/dekstrin-2-500x500.jpg 500w, http:\/\/www.merkezdistic.com\/wp-content\/uploads\/2020\/08\/dekstrin-2-350x350.jpg 350w\" sizes=\"(max-width: 800px) 100vw, 800px\" \/><\/figure><div class=\"wp-block-media-text__content\">\n<p style=\"font-size:30px\"><strong><strong>M70 \/ M90 Toz Dekstrin Tutkal\u0131<\/strong><\/strong><\/p>\n\n\n\n<p class=\"has-medium-font-size\">Dekstrinize edilmi\u015f m\u0131s\u0131r ni\u015fastas\u0131ndan imal edilir. Bej renkte toz haldedir.<\/p>\n\n\n\n<p style=\"font-size:19px\"><strong>DEKSTR\u0130N KULLANIM ALANLARI<\/strong><\/p>\n\n\n\n<ul><li>Karton laminasyonunda karton kaplama a\u015famas\u0131nda kullan\u0131l\u0131r.<\/li><li>Masura \u00fcretiminde yayg\u0131n bir \u015fekilde kullan\u0131l\u0131r.<\/li><li>Karton k\u00f6\u015febent imalat\u0131nda kullan\u0131l\u0131r.&nbsp;<\/li><li>Tutkal \u00fcretimi, ka\u011f\u0131ttan k\u00f6\u015febent ve masura \u00fcretiminde ka\u011f\u0131t katlar\u0131n\u0131n birbirine yap\u0131\u015ft\u0131r\u0131lmas\u0131nda kullan\u0131l\u0131r.<\/li><li>D\u00f6k\u00fcm sanayinde d\u00f6k\u00fcm kal\u0131b\u0131 olu\u015fturmak i\u00e7in kullan\u0131lan kal\u0131p kumunun bir araya getirilmesinde kullan\u0131l\u0131r.<\/li><li>Gri karton ve kli\u015feli oluklu mukavvan\u0131n y\u00fczey laminasyonunda sentetik tutkallara kar\u015f\u0131 maliyet avantaj\u0131 sa\u011flar.<\/li><li>K\u00f6\u015febent, masura \u00fcretiminde laminasyon kaplamada kullan\u0131lan ka\u011f\u0131tlar\u0131n plaka \u015feklinde katlar\u0131 bir araya getirilerek yap\u0131\u015ft\u0131r\u0131lmas\u0131nda kullan\u0131l\u0131r.<\/li><\/ul>\n<\/div><\/div>\n\n\n\n<p><\/p>\n","protected":false},"excerpt":{"rendered":"<p>M70 \/ M90 Toz Dekstrin Tutkal\u0131 Dekstrinize edilmi\u015f m\u0131s\u0131r ni\u015fastas\u0131ndan imal edilir. Bej renkte toz haldedir. DEKSTR\u0130N KULLANIM ALANLARI Karton laminasyonunda karton kaplama a\u015famas\u0131nda kullan\u0131l\u0131r. Masura \u00fcretiminde yayg\u0131n bir \u015fekilde&#8230;<\/p>\n","protected":false},"author":1,"featured_media":0,"parent":0,"menu_order":0,"comment_status":"closed","ping_status":"closed","template":"","meta":[],"_links":{"self":[{"href":"http:\/\/www.merkezdistic.com\/index.php\/wp-json\/wp\/v2\/pages\/6045"}],"collection":[{"href":"http:\/\/www.merkezdistic.com\/index.php\/wp-json\/wp\/v2\/pages"}],"about":[{"href":"http:\/\/www.merkezdistic.com\/index.php\/wp-json\/wp\/v2\/types\/page"}],"author":[{"embeddable":true,"href":"http:\/\/www.merkezdistic.com\/index.php\/wp-json\/wp\/v2\/users\/1"}],"replies":[{"embeddable":true,"href":"http:\/\/www.merkezdistic.com\/index.php\/wp-json\/wp\/v2\/comments?post=6045"}],"version-history":[{"count":8,"href":"http:\/\/www.merkezdistic.com\/index.php\/wp-json\/wp\/v2\/pages\/6045\/revisions"}],"predecessor-version":[{"id":6516,"href":"http:\/\/www.merkezdistic.com\/index.php\/wp-json\/wp\/v2\/pages\/6045\/revisions\/6516"}],"wp:attachment":[{"href":"http:\/\/www.merkezdistic.com\/index.php\/wp-json\/wp\/v2\/media?parent=6045"}],"curies":[{"name":"wp","href":"https:\/\/api.w.org\/{rel}","templated":true}]}}